{"id":18,"date":"2021-08-30T16:04:26","date_gmt":"2021-08-30T20:04:26","guid":{"rendered":"https:\/\/newproduction.glft.org\/?page_id=18"},"modified":"2022-08-25T08:44:31","modified_gmt":"2022-08-25T12:44:31","slug":"special-projects","status":"publish","type":"page","link":"https:\/\/www.glft.org\/de\/special-projects\/","title":{"rendered":"Sonderprojekte"},"content":{"rendered":"<div id=\"fws_69e3450bb081e\"  data-column-margin=\"default\" data-midnight=\"light\" data-top-percent=\"15%\" data-bottom-percent=\"15%\"  class=\"wpb_row vc_row-fluid vc_row full-width-section\"  style=\"padding-top: calc(100vw * 0.15); padding-bottom: calc(100vw * 0.15); \"><div class=\"row-bg-wrap\" data-bg-animation=\"none\" data-bg-overlay=\"true\"><div class=\"inner-wrap using-image\"><div class=\"row-bg viewport-desktop using-image\"  style=\"background-image: url(https:\/\/www.glft.org\/wp-content\/uploads\/2021\/09\/Greasy-Creek-Road-8.2.21-1.jpg); background-position: center center; background-repeat: no-repeat; \"><\/div><\/div><div class=\"row-bg-overlay\" style=\"background: #262626; background: linear-gradient(90deg,#262626 0%,#262626 100%);  opacity: 0.5; \"><\/div><\/div><div class=\"row_col_wrap_12 col span_12 light center\">\n\t<div  class=\"vc_col-sm-12 wpb_column column_container vc_column_container col no-extra-padding inherit_tablet inherit_phone\"  data-padding-pos=\"all\" data-has-bg-color=\"false\" data-bg-color=\"\" data-bg-opacity=\"1\" data-animation=\"\" data-delay=\"0\" >\n\t\t<div class=\"vc_column-inner\" >\n\t\t\t<div class=\"wpb_wrapper\">\n\t\t\t\t<h1 style=\"color: #ffffff;text-align: center\" class=\"vc_custom_heading vc_custom_1630977506901\" >Sonderprojekte<\/h1>\n\t\t\t<\/div> \n\t\t<\/div>\n\t<\/div> \n<\/div><\/div>\r\n\t\t<div id=\"fws_69e3450bb161b\"  data-column-margin=\"default\" data-midnight=\"dark\" data-top-percent=\"5%\" data-bottom-percent=\"5%\"  class=\"wpb_row vc_row-fluid vc_row\"  style=\"padding-top: calc(100vw * 0.05); padding-bottom: calc(100vw * 0.05); \"><div class=\"row-bg-wrap\" data-bg-animation=\"none\" data-bg-overlay=\"false\"><div class=\"inner-wrap\"><div class=\"row-bg viewport-desktop\"  style=\"\"><\/div><\/div><\/div><div class=\"row_col_wrap_12 col span_12 dark left\">\n\t<div  class=\"vc_col-sm-12 wpb_column column_container vc_column_container col no-extra-padding inherit_tablet inherit_phone\"  data-padding-pos=\"all\" data-has-bg-color=\"false\" data-bg-color=\"\" data-bg-opacity=\"1\" data-animation=\"\" data-delay=\"0\" >\n\t\t<div class=\"vc_column-inner\" >\n\t\t\t<div class=\"wpb_wrapper\">\n\t\t\t\t\r\n<div class=\"wpb_text_column wpb_content_element\" >\r\n\t<div class=\"wpb_wrapper\">\r\n\t\t<p>Wir glauben, dass ein wichtiges Merkmal unserer Arbeit darin besteht, die Flexibilit\u00e4t zu wahren, Antr\u00e4ge au\u00dferhalb unserer routinem\u00e4\u00dfigen, regelm\u00e4\u00dfig geplanten, wettbewerbsorientierten Zuschussprogramme zu finanzieren, um eine zeitnahe Reaktion auf wichtige Fragen zu gew\u00e4hrleisten, die das \u00d6kosystem der Gro\u00dfen Seen betreffen. Die GLFT ist eine der wenigen Organisationen, die einzigartige Gelegenheiten schnell ergreifen k\u00f6nnen, um die Fischerei zu verbessern, die \u00d6ffentlichkeit zu informieren, wertvolle Lebensr\u00e4ume zu sch\u00fctzen und den Zugang zu wichtigen Fischereiressourcen zu sichern. Um diesem Wert gerecht zu werden, hat die GLFT eine M\u00f6glichkeit geschaffen, \u201eSonderfall\u201c-Antr\u00e4ge oder Sonderprojekte zu pr\u00fcfen. Um als Sonderprojekt ber\u00fccksichtigt zu werden, muss die vorgeschlagene Aktivit\u00e4t:<\/p>\n\t<\/div>\r\n<\/div>\r\n\r\n\r\n\r\n<div class=\"nectar-fancy-ul\" data-list-icon=\"fa fa-circle\" data-animation=\"true\" data-animation-delay=\"0\" data-color=\"extra-color-3\" data-spacing=\"5px\" data-alignment=\"left\"> \n<ul>\n<li>Im Allgemeinen fallen sie nicht in den Prozess einer Angebotsanfrage (RFP)<\/li>\n<li>Von einem Vorstandsmitglied nominiert werden, das bereit ist, den Vorschlag vor dem Vorstand zu vertreten<\/li>\n<\/ul>\n <\/div>\r\n<div class=\"wpb_text_column wpb_content_element\" >\r\n\t<div class=\"wpb_wrapper\">\r\n\t\t<p>Die GLFT verf\u00fcgt \u00fcber eine\u00a0<a href=\"https:\/\/glft.org\/wp-content\/uploads\/2021\/09\/special_project_proposals_funding_criteria.pdf\" target=\"_blank\" rel=\"noopener\">Politik<\/a>\u00a0zur \u00dcberpr\u00fcfung und Genehmigung dieser Sonderprojekte. Wenn Sie an unserem F\u00f6rderprogramm f\u00fcr Sonderprojekte interessiert sind, wenden Sie sich bitte an\u00a0<a href=\"https:\/\/glftstaging.wpengine.com\/contact\">Kontaktieren Sie das GLFT-Personal<\/a>.<\/p>\n\t<\/div>\r\n<\/div>\r\n\r\n\r\n\r\n\n\t\t\t<\/div> \n\t\t<\/div>\n\t<\/div> \n<\/div><\/div>\r\n\t\t<div id=\"fws_69e3450bb2096\"  data-column-margin=\"default\" data-midnight=\"dark\" data-top-percent=\"5%\" data-bottom-percent=\"5%\"  class=\"wpb_row vc_row-fluid vc_row full-width-section\"  style=\"padding-top: calc(100vw * 0.05); padding-bottom: calc(100vw * 0.05); \"><div class=\"row-bg-wrap\" data-bg-animation=\"none\" data-bg-overlay=\"false\"><div class=\"inner-wrap\"><div class=\"row-bg viewport-desktop using-bg-color\"  style=\"background-color: rgba(44,71,93,0.05); \"><\/div><\/div><\/div><div class=\"row_col_wrap_12 col span_12 dark left\">\n\t<div  class=\"vc_col-sm-12 wpb_column column_container vc_column_container col no-extra-padding inherit_tablet inherit_phone\"  data-padding-pos=\"all\" data-has-bg-color=\"false\" data-bg-color=\"\" data-bg-opacity=\"1\" data-animation=\"\" data-delay=\"0\" >\n\t\t<div class=\"vc_column-inner\" >\n\t\t\t<div class=\"wpb_wrapper\">\n\t\t\t\t\r\n<div class=\"wpb_text_column wpb_content_element\" >\r\n\t<div class=\"wpb_wrapper\">\r\n\t\t<h2>Sonderprojekte Geschichte der Zuschussvergabe<\/h2>\n<p>Die GLFT vergab ca.\u00a0<strong>$3,1 Millionen<\/strong> an der Gew\u00e4hrung von Zusch\u00fcssen au\u00dferhalb der traditionellen Programme.<\/p>\n\t<\/div>\r\n<\/div>\r\n\r\n\r\n\r\n<a class=\"nectar-button jumbo regular extra-color-3  regular-button\"  style=\"margin-top: 25px; \" target=\"_blank\" href=\"https:\/\/portal.glft.org\/projects?utf8=%E2%9C%93&amp;search%5Bquery%5D=&amp;search%5Bproject_id%5D=&amp;search%5Borganization_id%5D=&amp;search%5Bcategory_id%5D=9&amp;search%5Bproject_owner_id%5D=&amp;search%5Baward_low%5D=0&amp;search%5Baward_high%5D=1%2C000%2C000%2C000&amp;search%5Bawarded_date_low%5D=&amp;search%5Bawarded_date_high%5D=08%2F08%2F2022&amp;search%5Bcomplete_low%5D=&amp;search%5Bcomplete_high%5D=08%2F08%2F2022&amp;search%5Bstatus%5D=\" data-color-override=\"false\" data-hover-color-override=\"false\" data-hover-text-color-override=\"#fff\"><span>Zusch\u00fcsse f\u00fcr Sonderprojekte anzeigen<\/span><\/a><div id=\"fws_69e3450bb2943\" data-midnight=\"\" data-column-margin=\"default\" class=\"wpb_row vc_row-fluid vc_row inner_row\"  style=\"\"><div class=\"row-bg-wrap\"> <div class=\"row-bg\" ><\/div> <\/div><div class=\"row_col_wrap_12_inner col span_12  left\">\n\t<div  class=\"vc_col-sm-12 wpb_column column_container vc_column_container col child_column no-extra-padding inherit_tablet inherit_phone\"   data-padding-pos=\"all\" data-has-bg-color=\"false\" data-bg-color=\"\" data-bg-opacity=\"1\" data-animation=\"\" data-delay=\"0\" >\n\t\t<div class=\"vc_column-inner\" >\n\t\t<div class=\"wpb_wrapper\">\n\t\t\t<a class=\"nectar-button jumbo regular extra-color-3  regular-button\"  style=\"margin-top: 25px; color: #2bae79; background-color: #ffffff;\"  href=\"https:\/\/www.glft.org\/de\/history-of-grantmaking\/\" data-color-override=\"#ffffff\" data-hover-color-override=\"false\" data-hover-text-color-override=\"#fff\"><span>Vollst\u00e4ndigen F\u00f6rdermittelverlauf anzeigen<\/span><\/a>\n\t\t<\/div> \n\t<\/div>\n\t<\/div> \n<\/div><\/div>\n\t\t\t<\/div> \n\t\t<\/div>\n\t<\/div> \n<\/div><\/div>","protected":false},"excerpt":{"rendered":"Sonderprojekte Wir glauben, dass ein wichtiges Merkmal unserer Arbeit darin besteht, die Flexibilit\u00e4t zu wahren, Antr\u00e4ge au\u00dferhalb unserer routinem\u00e4\u00dfigen, regelm\u00e4\u00dfig geplanten, wettbewerbsorientierten Zuschussprogramme zu finanzieren, um eine zeitnahe Reaktion auf wichtige Fragen zu gew\u00e4hrleisten, die das \u00d6kosystem der Gro\u00dfen Seen betreffen. Die GLFT ist eine der wenigen Organisationen, die einzigartige Gelegenheiten schnell ergreifen k\u00f6nnen, um die Fischerei zu verbessern, die \u00d6ffentlichkeit zu informieren, wertvolle Lebensr\u00e4ume zu sch\u00fctzen und den Zugang zu wichtigen Fischgr\u00fcnden zu sichern. Um diesem Wert gerecht zu werden, hat die GLFT eine M\u00f6glichkeit geschaffen, \u201eSonderfall\u201c-Antr\u00e4ge oder Sonderprojekte zu pr\u00fcfen. Um als Sonderprojekt ber\u00fccksichtigt zu werden, muss die vorgeschlagene Aktivit\u00e4t: Im Allgemeinen au\u00dferhalb eines Antragsverfahrens (RFP) liegen Von einem Vorstandsmitglied nominiert werden, das bereit ist, den Antrag vor dem Vorstand zu vertreten Die GLFT hat eine Richtlinie f\u00fcr die Pr\u00fcfung und Genehmigung dieser Sonderprojekte. Wenn Sie an unserem Zuschussprogramm f\u00fcr Sonderprojekte interessiert sind, wenden Sie sich bitte an die Mitarbeiter der GLFT. Sonderprojekte \u2013 Geschichte der Zuschussvergabe Die GLFT hat au\u00dferhalb der traditionellen Programme Zusch\u00fcsse in H\u00f6he von ca. $3,1 Millionen vergeben. Zuschussvergaben f\u00fcr Sonderprojekte anzeigen Vollst\u00e4ndige Zuschussvergabegeschichte anzeigen","protected":false},"author":1,"featured_media":0,"parent":0,"menu_order":0,"comment_status":"closed","ping_status":"closed","template":"","meta":{"_acf_changed":false,"inline_featured_image":false,"footnotes":""},"class_list":["post-18","page","type-page","status-publish"],"acf":[],"yoast_head":"<!-- This site is optimized with the Yoast SEO plugin v27.4 - https:\/\/yoast.com\/product\/yoast-seo-wordpress\/ -->\n<title>Special Projects - Great Lakes Fishery Trust<\/title>\n<meta name=\"robots\" content=\"index, follow, max-snippet:-1, max-image-preview:large, max-video-preview:-1\" \/>\n<link rel=\"canonical\" href=\"https:\/\/www.glft.org\/de\/special-projects\/\" \/>\n<meta property=\"og:locale\" content=\"de_DE\" \/>\n<meta property=\"og:type\" content=\"article\" \/>\n<meta property=\"og:title\" content=\"Special Projects - Great Lakes Fishery Trust\" \/>\n<meta property=\"og:url\" content=\"https:\/\/www.glft.org\/de\/special-projects\/\" \/>\n<meta property=\"og:site_name\" content=\"Great Lakes Fishery Trust\" \/>\n<meta property=\"article:modified_time\" content=\"2022-08-25T12:44:31+00:00\" \/>\n<meta name=\"twitter:card\" content=\"summary_large_image\" \/>\n<meta name=\"twitter:label1\" content=\"Est. reading time\" \/>\n\t<meta name=\"twitter:data1\" content=\"5 Minuten\" \/>\n<script type=\"application\/ld+json\" class=\"yoast-schema-graph\">{\"@context\":\"https:\\\/\\\/schema.org\",\"@graph\":[{\"@type\":\"WebPage\",\"@id\":\"https:\\\/\\\/www.glft.org\\\/special-projects\\\/\",\"url\":\"https:\\\/\\\/www.glft.org\\\/special-projects\\\/\",\"name\":\"Special Projects - Great Lakes Fishery Trust\",\"isPartOf\":{\"@id\":\"https:\\\/\\\/www.glft.org\\\/#website\"},\"datePublished\":\"2021-08-30T20:04:26+00:00\",\"dateModified\":\"2022-08-25T12:44:31+00:00\",\"breadcrumb\":{\"@id\":\"https:\\\/\\\/www.glft.org\\\/special-projects\\\/#breadcrumb\"},\"inLanguage\":\"de-DE\",\"potentialAction\":[{\"@type\":\"ReadAction\",\"target\":[\"https:\\\/\\\/www.glft.org\\\/special-projects\\\/\"]}]},{\"@type\":\"BreadcrumbList\",\"@id\":\"https:\\\/\\\/www.glft.org\\\/special-projects\\\/#breadcrumb\",\"itemListElement\":[{\"@type\":\"ListItem\",\"position\":1,\"name\":\"Home\",\"item\":\"https:\\\/\\\/www.glft.org\\\/\"},{\"@type\":\"ListItem\",\"position\":2,\"name\":\"Special Projects\"}]},{\"@type\":\"WebSite\",\"@id\":\"https:\\\/\\\/www.glft.org\\\/#website\",\"url\":\"https:\\\/\\\/www.glft.org\\\/\",\"name\":\"Great Lakes Fishery Trust\",\"description\":\"\",\"publisher\":{\"@id\":\"https:\\\/\\\/www.glft.org\\\/#organization\"},\"potentialAction\":[{\"@type\":\"SearchAction\",\"target\":{\"@type\":\"EntryPoint\",\"urlTemplate\":\"https:\\\/\\\/www.glft.org\\\/?s={search_term_string}\"},\"query-input\":{\"@type\":\"PropertyValueSpecification\",\"valueRequired\":true,\"valueName\":\"search_term_string\"}}],\"inLanguage\":\"de-DE\"},{\"@type\":\"Organization\",\"@id\":\"https:\\\/\\\/www.glft.org\\\/#organization\",\"name\":\"Great Lakes Fishery Trust\",\"url\":\"https:\\\/\\\/www.glft.org\\\/\",\"logo\":{\"@type\":\"ImageObject\",\"inLanguage\":\"de-DE\",\"@id\":\"https:\\\/\\\/www.glft.org\\\/#\\\/schema\\\/logo\\\/image\\\/\",\"url\":\"https:\\\/\\\/www.glft.org\\\/wp-content\\\/uploads\\\/2021\\\/09\\\/GLFT-Logo-Color.png\",\"contentUrl\":\"https:\\\/\\\/www.glft.org\\\/wp-content\\\/uploads\\\/2021\\\/09\\\/GLFT-Logo-Color.png\",\"width\":2084,\"height\":1389,\"caption\":\"Great Lakes Fishery Trust\"},\"image\":{\"@id\":\"https:\\\/\\\/www.glft.org\\\/#\\\/schema\\\/logo\\\/image\\\/\"}}]}<\/script>\n<!-- \/ Yoast SEO plugin. -->","yoast_head_json":{"title":"Sonderprojekte - Great Lakes Fishery Trust","robots":{"index":"index","follow":"follow","max-snippet":"max-snippet:-1","max-image-preview":"max-image-preview:large","max-video-preview":"max-video-preview:-1"},"canonical":"https:\/\/www.glft.org\/de\/special-projects\/","og_locale":"de_DE","og_type":"article","og_title":"Special Projects - Great Lakes Fishery Trust","og_url":"https:\/\/www.glft.org\/de\/special-projects\/","og_site_name":"Great Lakes Fishery Trust","article_modified_time":"2022-08-25T12:44:31+00:00","twitter_card":"summary_large_image","twitter_misc":{"Est. reading time":"5 Minuten"},"schema":{"@context":"https:\/\/schema.org","@graph":[{"@type":"WebPage","@id":"https:\/\/www.glft.org\/special-projects\/","url":"https:\/\/www.glft.org\/special-projects\/","name":"Sonderprojekte - Great Lakes Fishery Trust","isPartOf":{"@id":"https:\/\/www.glft.org\/#website"},"datePublished":"2021-08-30T20:04:26+00:00","dateModified":"2022-08-25T12:44:31+00:00","breadcrumb":{"@id":"https:\/\/www.glft.org\/special-projects\/#breadcrumb"},"inLanguage":"de-DE","potentialAction":[{"@type":"ReadAction","target":["https:\/\/www.glft.org\/special-projects\/"]}]},{"@type":"BreadcrumbList","@id":"https:\/\/www.glft.org\/special-projects\/#breadcrumb","itemListElement":[{"@type":"ListItem","position":1,"name":"Home","item":"https:\/\/www.glft.org\/"},{"@type":"ListItem","position":2,"name":"Special Projects"}]},{"@type":"WebSite","@id":"https:\/\/www.glft.org\/#website","url":"https:\/\/www.glft.org\/","name":"Fischerei-Vertrauen der Gro\u00dfen Seen","description":"","publisher":{"@id":"https:\/\/www.glft.org\/#organization"},"potentialAction":[{"@type":"SearchAction","target":{"@type":"EntryPoint","urlTemplate":"https:\/\/www.glft.org\/?s={search_term_string}"},"query-input":{"@type":"PropertyValueSpecification","valueRequired":true,"valueName":"search_term_string"}}],"inLanguage":"de-DE"},{"@type":"Organization","@id":"https:\/\/www.glft.org\/#organization","name":"Fischerei-Vertrauen der Gro\u00dfen Seen","url":"https:\/\/www.glft.org\/","logo":{"@type":"ImageObject","inLanguage":"de-DE","@id":"https:\/\/www.glft.org\/#\/schema\/logo\/image\/","url":"https:\/\/www.glft.org\/wp-content\/uploads\/2021\/09\/GLFT-Logo-Color.png","contentUrl":"https:\/\/www.glft.org\/wp-content\/uploads\/2021\/09\/GLFT-Logo-Color.png","width":2084,"height":1389,"caption":"Great Lakes Fishery Trust"},"image":{"@id":"https:\/\/www.glft.org\/#\/schema\/logo\/image\/"}}]}},"publishpress_future_workflow_manual_trigger":{"enabledWorkflows":[]},"_links":{"self":[{"href":"https:\/\/www.glft.org\/de\/wp-json\/wp\/v2\/pages\/18","targetHints":{"allow":["GET"]}}],"collection":[{"href":"https:\/\/www.glft.org\/de\/wp-json\/wp\/v2\/pages"}],"about":[{"href":"https:\/\/www.glft.org\/de\/wp-json\/wp\/v2\/types\/page"}],"author":[{"embeddable":true,"href":"https:\/\/www.glft.org\/de\/wp-json\/wp\/v2\/users\/1"}],"replies":[{"embeddable":true,"href":"https:\/\/www.glft.org\/de\/wp-json\/wp\/v2\/comments?post=18"}],"version-history":[{"count":0,"href":"https:\/\/www.glft.org\/de\/wp-json\/wp\/v2\/pages\/18\/revisions"}],"wp:attachment":[{"href":"https:\/\/www.glft.org\/de\/wp-json\/wp\/v2\/media?parent=18"}],"curies":[{"name":"wp","href":"https:\/\/api.w.org\/{rel}","templated":true}]}}