{"id":18,"date":"2021-08-30T16:04:26","date_gmt":"2021-08-30T20:04:26","guid":{"rendered":"https:\/\/newproduction.glft.org\/?page_id=18"},"modified":"2022-08-25T08:44:31","modified_gmt":"2022-08-25T12:44:31","slug":"special-projects","status":"publish","type":"page","link":"https:\/\/www.glft.org\/es\/special-projects\/","title":{"rendered":"Proyectos especiales"},"content":{"rendered":"<div id=\"fws_69f333b6b318a\"  data-column-margin=\"default\" data-midnight=\"light\" data-top-percent=\"15%\" data-bottom-percent=\"15%\"  class=\"wpb_row vc_row-fluid vc_row full-width-section\"  style=\"padding-top: calc(100vw * 0.15); padding-bottom: calc(100vw * 0.15); \"><div class=\"row-bg-wrap\" data-bg-animation=\"none\" data-bg-overlay=\"true\"><div class=\"inner-wrap using-image\"><div class=\"row-bg viewport-desktop using-image\"  style=\"background-image: url(https:\/\/www.glft.org\/wp-content\/uploads\/2021\/09\/Greasy-Creek-Road-8.2.21-1.jpg); background-position: center center; background-repeat: no-repeat; \"><\/div><\/div><div class=\"row-bg-overlay\" style=\"background: #262626; background: linear-gradient(90deg,#262626 0%,#262626 100%);  opacity: 0.5; \"><\/div><\/div><div class=\"row_col_wrap_12 col span_12 light center\">\n\t<div  class=\"vc_col-sm-12 wpb_column column_container vc_column_container col no-extra-padding inherit_tablet inherit_phone\"  data-padding-pos=\"all\" data-has-bg-color=\"false\" data-bg-color=\"\" data-bg-opacity=\"1\" data-animation=\"\" data-delay=\"0\" >\n\t\t<div class=\"vc_column-inner\" >\n\t\t\t<div class=\"wpb_wrapper\">\n\t\t\t\t<h1 style=\"color: #ffffff;text-align: center\" class=\"vc_custom_heading vc_custom_1630977506901\" >Proyectos especiales<\/h1>\n\t\t\t<\/div> \n\t\t<\/div>\n\t<\/div> \n<\/div><\/div>\r\n\t\t<div id=\"fws_69f333b6b4029\"  data-column-margin=\"default\" data-midnight=\"dark\" data-top-percent=\"5%\" data-bottom-percent=\"5%\"  class=\"wpb_row vc_row-fluid vc_row\"  style=\"padding-top: calc(100vw * 0.05); padding-bottom: calc(100vw * 0.05); \"><div class=\"row-bg-wrap\" data-bg-animation=\"none\" data-bg-overlay=\"false\"><div class=\"inner-wrap\"><div class=\"row-bg viewport-desktop\"  style=\"\"><\/div><\/div><\/div><div class=\"row_col_wrap_12 col span_12 dark left\">\n\t<div  class=\"vc_col-sm-12 wpb_column column_container vc_column_container col no-extra-padding inherit_tablet inherit_phone\"  data-padding-pos=\"all\" data-has-bg-color=\"false\" data-bg-color=\"\" data-bg-opacity=\"1\" data-animation=\"\" data-delay=\"0\" >\n\t\t<div class=\"vc_column-inner\" >\n\t\t\t<div class=\"wpb_wrapper\">\n\t\t\t\t\r\n<div class=\"wpb_text_column wpb_content_element\" >\r\n\t<div class=\"wpb_wrapper\">\r\n\t\t<p>Creemos que un atributo importante de nuestro trabajo es mantener la flexibilidad para financiar propuestas fuera de nuestros programas de subvenciones competitivos, programados regularmente y de rutina, para asegurar una respuesta oportuna a cuestiones importantes que afectan al ecosistema de los Grandes Lagos. El GLFT es una de las pocas organizaciones que pueden aprovechar r\u00e1pidamente oportunidades \u00fanicas para mejorar la pesca, educar al p\u00fablico, proteger un h\u00e1bitat valioso y asegurar un acceso cr\u00edtico a la pesca. Para dar cabida a este valor, el GLFT ha creado una v\u00eda para revisar propuestas de &quot;casos especiales&quot; o proyectos especiales. Para ser considerada como un proyecto especial, la actividad propuesta debe:<\/p>\n\t<\/div>\r\n<\/div>\r\n\r\n\r\n\r\n<div class=\"nectar-fancy-ul\" data-list-icon=\"fa fa-circle\" data-animation=\"true\" data-animation-delay=\"0\" data-color=\"extra-color-3\" data-spacing=\"5px\" data-alignment=\"left\"> \n<ul>\n<li>Generalmente quedan fuera de un proceso de solicitud de propuesta (RFP)<\/li>\n<li>Ser nominado por un miembro de la junta que est\u00e9 dispuesto a defender la propuesta ante la junta.<\/li>\n<\/ul>\n <\/div>\r\n<div class=\"wpb_text_column wpb_content_element\" >\r\n\t<div class=\"wpb_wrapper\">\r\n\t\t<p>El GLFT tiene una\u00a0<a href=\"https:\/\/glft.org\/wp-content\/uploads\/2021\/09\/special_project_proposals_funding_criteria.pdf\" target=\"_blank\" rel=\"noopener\">pol\u00edtica<\/a>\u00a0vigente para regular la revisi\u00f3n y aprobaci\u00f3n de estos proyectos especiales. Si est\u00e1 interesado en nuestro programa de subvenciones para proyectos especiales,\u00a0<a href=\"https:\/\/glftstaging.wpengine.com\/contact\">Contacte con el personal de GLFT<\/a>.<\/p>\n\t<\/div>\r\n<\/div>\r\n\r\n\r\n\r\n\n\t\t\t<\/div> \n\t\t<\/div>\n\t<\/div> \n<\/div><\/div>\r\n\t\t<div id=\"fws_69f333b6b4a1d\"  data-column-margin=\"default\" data-midnight=\"dark\" data-top-percent=\"5%\" data-bottom-percent=\"5%\"  class=\"wpb_row vc_row-fluid vc_row full-width-section\"  style=\"padding-top: calc(100vw * 0.05); padding-bottom: calc(100vw * 0.05); \"><div class=\"row-bg-wrap\" data-bg-animation=\"none\" data-bg-overlay=\"false\"><div class=\"inner-wrap\"><div class=\"row-bg viewport-desktop using-bg-color\"  style=\"background-color: rgba(44,71,93,0.05); \"><\/div><\/div><\/div><div class=\"row_col_wrap_12 col span_12 dark left\">\n\t<div  class=\"vc_col-sm-12 wpb_column column_container vc_column_container col no-extra-padding inherit_tablet inherit_phone\"  data-padding-pos=\"all\" data-has-bg-color=\"false\" data-bg-color=\"\" data-bg-opacity=\"1\" data-animation=\"\" data-delay=\"0\" >\n\t\t<div class=\"vc_column-inner\" >\n\t\t\t<div class=\"wpb_wrapper\">\n\t\t\t\t\r\n<div class=\"wpb_text_column wpb_content_element\" >\r\n\t<div class=\"wpb_wrapper\">\r\n\t\t<h2>Proyectos especiales Historia de la concesi\u00f3n de subvenciones<\/h2>\n<p>El GLFT ha otorgado aproximadamente\u00a0<strong>$3,1 millones<\/strong> en financiaci\u00f3n de subvenciones fuera de los programas tradicionales.<\/p>\n\t<\/div>\r\n<\/div>\r\n\r\n\r\n\r\n<a class=\"nectar-button jumbo regular extra-color-3  regular-button\"  style=\"margin-top: 25px; \" target=\"_blank\" href=\"https:\/\/portal.glft.org\/projects?utf8=%E2%9C%93&amp;search%5Bquery%5D=&amp;search%5Bproject_id%5D=&amp;search%5Borganization_id%5D=&amp;search%5Bcategory_id%5D=9&amp;search%5Bproject_owner_id%5D=&amp;search%5Baward_low%5D=0&amp;search%5Baward_high%5D=1%2C000%2C000%2C000&amp;search%5Bawarded_date_low%5D=&amp;search%5Bawarded_date_high%5D=08%2F08%2F2022&amp;search%5Bcomplete_low%5D=&amp;search%5Bcomplete_high%5D=08%2F08%2F2022&amp;search%5Bstatus%5D=\" data-color-override=\"false\" data-hover-color-override=\"false\" data-hover-text-color-override=\"#fff\"><span>Ver subvenciones para proyectos especiales<\/span><\/a><div id=\"fws_69f333b6b528f\" data-midnight=\"\" data-column-margin=\"default\" class=\"wpb_row vc_row-fluid vc_row inner_row\"  style=\"\"><div class=\"row-bg-wrap\"> <div class=\"row-bg\" ><\/div> <\/div><div class=\"row_col_wrap_12_inner col span_12  left\">\n\t<div  class=\"vc_col-sm-12 wpb_column column_container vc_column_container col child_column no-extra-padding inherit_tablet inherit_phone\"   data-padding-pos=\"all\" data-has-bg-color=\"false\" data-bg-color=\"\" data-bg-opacity=\"1\" data-animation=\"\" data-delay=\"0\" >\n\t\t<div class=\"vc_column-inner\" >\n\t\t<div class=\"wpb_wrapper\">\n\t\t\t<a class=\"nectar-button jumbo regular extra-color-3  regular-button\"  style=\"margin-top: 25px; color: #2bae79; background-color: #ffffff;\"  href=\"https:\/\/www.glft.org\/es\/history-of-grantmaking\/\" data-color-override=\"#ffffff\" data-hover-color-override=\"false\" data-hover-text-color-override=\"#fff\"><span>Ver historial completo de concesi\u00f3n de subvenciones<\/span><\/a>\n\t\t<\/div> \n\t<\/div>\n\t<\/div> \n<\/div><\/div>\n\t\t\t<\/div> \n\t\t<\/div>\n\t<\/div> \n<\/div><\/div>","protected":false},"excerpt":{"rendered":"Proyectos especiales Creemos que un atributo importante de nuestro trabajo es mantener la flexibilidad para financiar propuestas fuera de nuestros programas de subvenciones competitivos, programados regularmente y de rutina para asegurar una respuesta oportuna a problemas importantes que afectan al ecosistema de los Grandes Lagos. El GLFT es una de las pocas organizaciones que pueden aprovechar r\u00e1pidamente oportunidades \u00fanicas para mejorar la pesca, educar al p\u00fablico, proteger un h\u00e1bitat valioso y asegurar un acceso cr\u00edtico a la pesca. Para dar cabida a este valor, el GLFT ha creado una v\u00eda para revisar propuestas de &quot;casos especiales&quot; o proyectos especiales. Para ser considerado como un proyecto especial, la actividad propuesta debe: Generalmente no estar incluida en un proceso de solicitud de propuesta (RFP) Ser nominada por un miembro de la junta que est\u00e9 dispuesto a defender la propuesta ante la junta El GLFT tiene una pol\u00edtica establecida para regir la revisi\u00f3n y aprobaci\u00f3n de estos proyectos especiales. Si est\u00e1 interesado en nuestro programa de subvenciones para proyectos especiales, comun\u00edquese con el personal del GLFT. Historial de subvenciones para proyectos especiales El GLFT ha otorgado aproximadamente $3.1 millones en subvenciones fuera de los programas tradicionales. Ver subvenciones para proyectos especiales Ver historial completo de subvenciones","protected":false},"author":1,"featured_media":0,"parent":0,"menu_order":0,"comment_status":"closed","ping_status":"closed","template":"","meta":{"_acf_changed":false,"inline_featured_image":false,"footnotes":""},"class_list":["post-18","page","type-page","status-publish"],"acf":[],"yoast_head":"<!-- This site is optimized with the Yoast SEO plugin v27.5 - https:\/\/yoast.com\/product\/yoast-seo-wordpress\/ -->\n<title>Special Projects - Great Lakes Fishery Trust<\/title>\n<meta name=\"robots\" content=\"index, follow, max-snippet:-1, max-image-preview:large, max-video-preview:-1\" \/>\n<link rel=\"canonical\" href=\"https:\/\/www.glft.org\/es\/special-projects\/\" \/>\n<meta property=\"og:locale\" content=\"es_MX\" \/>\n<meta property=\"og:type\" content=\"article\" \/>\n<meta property=\"og:title\" content=\"Special Projects - Great Lakes Fishery Trust\" \/>\n<meta property=\"og:url\" content=\"https:\/\/www.glft.org\/es\/special-projects\/\" \/>\n<meta property=\"og:site_name\" content=\"Great Lakes Fishery Trust\" \/>\n<meta property=\"article:modified_time\" content=\"2022-08-25T12:44:31+00:00\" \/>\n<meta name=\"twitter:card\" content=\"summary_large_image\" \/>\n<meta name=\"twitter:label1\" content=\"Tiempo de lectura\" \/>\n\t<meta name=\"twitter:data1\" content=\"5 minutos\" \/>\n<script type=\"application\/ld+json\" class=\"yoast-schema-graph\">{\"@context\":\"https:\\\/\\\/schema.org\",\"@graph\":[{\"@type\":\"WebPage\",\"@id\":\"https:\\\/\\\/www.glft.org\\\/special-projects\\\/\",\"url\":\"https:\\\/\\\/www.glft.org\\\/special-projects\\\/\",\"name\":\"Special Projects - Great Lakes Fishery Trust\",\"isPartOf\":{\"@id\":\"https:\\\/\\\/www.glft.org\\\/#website\"},\"datePublished\":\"2021-08-30T20:04:26+00:00\",\"dateModified\":\"2022-08-25T12:44:31+00:00\",\"breadcrumb\":{\"@id\":\"https:\\\/\\\/www.glft.org\\\/special-projects\\\/#breadcrumb\"},\"inLanguage\":\"es\",\"potentialAction\":[{\"@type\":\"ReadAction\",\"target\":[\"https:\\\/\\\/www.glft.org\\\/special-projects\\\/\"]}]},{\"@type\":\"BreadcrumbList\",\"@id\":\"https:\\\/\\\/www.glft.org\\\/special-projects\\\/#breadcrumb\",\"itemListElement\":[{\"@type\":\"ListItem\",\"position\":1,\"name\":\"Home\",\"item\":\"https:\\\/\\\/www.glft.org\\\/\"},{\"@type\":\"ListItem\",\"position\":2,\"name\":\"Special Projects\"}]},{\"@type\":\"WebSite\",\"@id\":\"https:\\\/\\\/www.glft.org\\\/#website\",\"url\":\"https:\\\/\\\/www.glft.org\\\/\",\"name\":\"Great Lakes Fishery Trust\",\"description\":\"\",\"publisher\":{\"@id\":\"https:\\\/\\\/www.glft.org\\\/#organization\"},\"potentialAction\":[{\"@type\":\"SearchAction\",\"target\":{\"@type\":\"EntryPoint\",\"urlTemplate\":\"https:\\\/\\\/www.glft.org\\\/?s={search_term_string}\"},\"query-input\":{\"@type\":\"PropertyValueSpecification\",\"valueRequired\":true,\"valueName\":\"search_term_string\"}}],\"inLanguage\":\"es\"},{\"@type\":\"Organization\",\"@id\":\"https:\\\/\\\/www.glft.org\\\/#organization\",\"name\":\"Great Lakes Fishery Trust\",\"url\":\"https:\\\/\\\/www.glft.org\\\/\",\"logo\":{\"@type\":\"ImageObject\",\"inLanguage\":\"es\",\"@id\":\"https:\\\/\\\/www.glft.org\\\/#\\\/schema\\\/logo\\\/image\\\/\",\"url\":\"https:\\\/\\\/www.glft.org\\\/wp-content\\\/uploads\\\/2021\\\/09\\\/GLFT-Logo-Color.png\",\"contentUrl\":\"https:\\\/\\\/www.glft.org\\\/wp-content\\\/uploads\\\/2021\\\/09\\\/GLFT-Logo-Color.png\",\"width\":2084,\"height\":1389,\"caption\":\"Great Lakes Fishery Trust\"},\"image\":{\"@id\":\"https:\\\/\\\/www.glft.org\\\/#\\\/schema\\\/logo\\\/image\\\/\"}}]}<\/script>\n<!-- \/ Yoast SEO plugin. -->","yoast_head_json":{"title":"Proyectos especiales - Great Lakes Fishery Trust","robots":{"index":"index","follow":"follow","max-snippet":"max-snippet:-1","max-image-preview":"max-image-preview:large","max-video-preview":"max-video-preview:-1"},"canonical":"https:\/\/www.glft.org\/es\/special-projects\/","og_locale":"es_MX","og_type":"article","og_title":"Special Projects - Great Lakes Fishery Trust","og_url":"https:\/\/www.glft.org\/es\/special-projects\/","og_site_name":"Great Lakes Fishery Trust","article_modified_time":"2022-08-25T12:44:31+00:00","twitter_card":"summary_large_image","twitter_misc":{"Tiempo de lectura":"5 minutos"},"schema":{"@context":"https:\/\/schema.org","@graph":[{"@type":"WebPage","@id":"https:\/\/www.glft.org\/special-projects\/","url":"https:\/\/www.glft.org\/special-projects\/","name":"Proyectos especiales - Great Lakes Fishery Trust","isPartOf":{"@id":"https:\/\/www.glft.org\/#website"},"datePublished":"2021-08-30T20:04:26+00:00","dateModified":"2022-08-25T12:44:31+00:00","breadcrumb":{"@id":"https:\/\/www.glft.org\/special-projects\/#breadcrumb"},"inLanguage":"es","potentialAction":[{"@type":"ReadAction","target":["https:\/\/www.glft.org\/special-projects\/"]}]},{"@type":"BreadcrumbList","@id":"https:\/\/www.glft.org\/special-projects\/#breadcrumb","itemListElement":[{"@type":"ListItem","position":1,"name":"Home","item":"https:\/\/www.glft.org\/"},{"@type":"ListItem","position":2,"name":"Special Projects"}]},{"@type":"WebSite","@id":"https:\/\/www.glft.org\/#website","url":"https:\/\/www.glft.org\/","name":"Fideicomiso de Pesca de los Grandes Lagos","description":"","publisher":{"@id":"https:\/\/www.glft.org\/#organization"},"potentialAction":[{"@type":"SearchAction","target":{"@type":"EntryPoint","urlTemplate":"https:\/\/www.glft.org\/?s={search_term_string}"},"query-input":{"@type":"PropertyValueSpecification","valueRequired":true,"valueName":"search_term_string"}}],"inLanguage":"es"},{"@type":"Organization","@id":"https:\/\/www.glft.org\/#organization","name":"Fideicomiso de Pesca de los Grandes Lagos","url":"https:\/\/www.glft.org\/","logo":{"@type":"ImageObject","inLanguage":"es","@id":"https:\/\/www.glft.org\/#\/schema\/logo\/image\/","url":"https:\/\/www.glft.org\/wp-content\/uploads\/2021\/09\/GLFT-Logo-Color.png","contentUrl":"https:\/\/www.glft.org\/wp-content\/uploads\/2021\/09\/GLFT-Logo-Color.png","width":2084,"height":1389,"caption":"Great Lakes Fishery Trust"},"image":{"@id":"https:\/\/www.glft.org\/#\/schema\/logo\/image\/"}}]}},"publishpress_future_workflow_manual_trigger":{"enabledWorkflows":[]},"_links":{"self":[{"href":"https:\/\/www.glft.org\/es\/wp-json\/wp\/v2\/pages\/18","targetHints":{"allow":["GET"]}}],"collection":[{"href":"https:\/\/www.glft.org\/es\/wp-json\/wp\/v2\/pages"}],"about":[{"href":"https:\/\/www.glft.org\/es\/wp-json\/wp\/v2\/types\/page"}],"author":[{"embeddable":true,"href":"https:\/\/www.glft.org\/es\/wp-json\/wp\/v2\/users\/1"}],"replies":[{"embeddable":true,"href":"https:\/\/www.glft.org\/es\/wp-json\/wp\/v2\/comments?post=18"}],"version-history":[{"count":0,"href":"https:\/\/www.glft.org\/es\/wp-json\/wp\/v2\/pages\/18\/revisions"}],"wp:attachment":[{"href":"https:\/\/www.glft.org\/es\/wp-json\/wp\/v2\/media?parent=18"}],"curies":[{"name":"gracias","href":"https:\/\/api.w.org\/{rel}","templated":true}]}}