{"id":18,"date":"2021-08-30T16:04:26","date_gmt":"2021-08-30T20:04:26","guid":{"rendered":"https:\/\/newproduction.glft.org\/?page_id=18"},"modified":"2022-08-25T08:44:31","modified_gmt":"2022-08-25T12:44:31","slug":"special-projects","status":"publish","type":"page","link":"https:\/\/www.glft.org\/fr\/special-projects\/","title":{"rendered":"Projets sp\u00e9ciaux"},"content":{"rendered":"<div id=\"fws_69f5b58d27076\"  data-column-margin=\"default\" data-midnight=\"light\" data-top-percent=\"15%\" data-bottom-percent=\"15%\"  class=\"wpb_row vc_row-fluid vc_row full-width-section\"  style=\"padding-top: calc(100vw * 0.15); padding-bottom: calc(100vw * 0.15); \"><div class=\"row-bg-wrap\" data-bg-animation=\"none\" data-bg-overlay=\"true\"><div class=\"inner-wrap using-image\"><div class=\"row-bg viewport-desktop using-image\"  style=\"background-image: url(https:\/\/www.glft.org\/wp-content\/uploads\/2021\/09\/Greasy-Creek-Road-8.2.21-1.jpg); background-position: center center; background-repeat: no-repeat; \"><\/div><\/div><div class=\"row-bg-overlay\" style=\"background: #262626; background: linear-gradient(90deg,#262626 0%,#262626 100%);  opacity: 0.5; \"><\/div><\/div><div class=\"row_col_wrap_12 col span_12 light center\">\n\t<div  class=\"vc_col-sm-12 wpb_column column_container vc_column_container col no-extra-padding inherit_tablet inherit_phone\"  data-padding-pos=\"all\" data-has-bg-color=\"false\" data-bg-color=\"\" data-bg-opacity=\"1\" data-animation=\"\" data-delay=\"0\" >\n\t\t<div class=\"vc_column-inner\" >\n\t\t\t<div class=\"wpb_wrapper\">\n\t\t\t\t<h1 style=\"color: #ffffff;text-align: center\" class=\"vc_custom_heading vc_custom_1630977506901\" >Projets sp\u00e9ciaux<\/h1>\n\t\t\t<\/div> \n\t\t<\/div>\n\t<\/div> \n<\/div><\/div>\r\n\t\t<div id=\"fws_69f5b58d27ce4\"  data-column-margin=\"default\" data-midnight=\"dark\" data-top-percent=\"5%\" data-bottom-percent=\"5%\"  class=\"wpb_row vc_row-fluid vc_row\"  style=\"padding-top: calc(100vw * 0.05); padding-bottom: calc(100vw * 0.05); \"><div class=\"row-bg-wrap\" data-bg-animation=\"none\" data-bg-overlay=\"false\"><div class=\"inner-wrap\"><div class=\"row-bg viewport-desktop\"  style=\"\"><\/div><\/div><\/div><div class=\"row_col_wrap_12 col span_12 dark left\">\n\t<div  class=\"vc_col-sm-12 wpb_column column_container vc_column_container col no-extra-padding inherit_tablet inherit_phone\"  data-padding-pos=\"all\" data-has-bg-color=\"false\" data-bg-color=\"\" data-bg-opacity=\"1\" data-animation=\"\" data-delay=\"0\" >\n\t\t<div class=\"vc_column-inner\" >\n\t\t\t<div class=\"wpb_wrapper\">\n\t\t\t\t\r\n<div class=\"wpb_text_column wpb_content_element\" >\r\n\t<div class=\"wpb_wrapper\">\r\n\t\t<p>Nous croyons qu\u2019un des attributs importants de notre travail est de maintenir la souplesse n\u00e9cessaire pour financer des propositions en dehors de nos programmes de subventions r\u00e9guliers, comp\u00e9titifs et r\u00e9guliers afin d\u2019assurer une r\u00e9ponse rapide aux probl\u00e8mes importants qui touchent l\u2019\u00e9cosyst\u00e8me des Grands Lacs. La GLFT est l\u2019une des rares organisations qui peuvent rapidement saisir des occasions uniques pour am\u00e9liorer la p\u00eache, \u00e9duquer le public, prot\u00e9ger un habitat pr\u00e9cieux et garantir un acc\u00e8s essentiel \u00e0 la p\u00eache. Pour tenir compte de cette valeur, la GLFT a cr\u00e9\u00e9 un m\u00e9canisme pour examiner les propositions de \u00ab cas particuliers \u00bb ou les projets sp\u00e9ciaux. Pour \u00eatre consid\u00e9r\u00e9e comme un projet sp\u00e9cial, l\u2019activit\u00e9 propos\u00e9e doit :<\/p>\n\t<\/div>\r\n<\/div>\r\n\r\n\r\n\r\n<div class=\"nectar-fancy-ul\" data-list-icon=\"fa fa-circle\" data-animation=\"true\" data-animation-delay=\"0\" data-color=\"extra-color-3\" data-spacing=\"5px\" data-alignment=\"left\"> \n<ul>\n<li>Ne rel\u00e8vent g\u00e9n\u00e9ralement pas d\u2019un processus de demande de propositions (RFP)<\/li>\n<li>\u00catre nomm\u00e9 par un membre du conseil d&#039;administration qui est pr\u00eat \u00e0 d\u00e9fendre la proposition devant le conseil<\/li>\n<\/ul>\n <\/div>\r\n<div class=\"wpb_text_column wpb_content_element\" >\r\n\t<div class=\"wpb_wrapper\">\r\n\t\t<p>Le GLFT a un\u00a0<a href=\"https:\/\/glft.org\/wp-content\/uploads\/2021\/09\/special_project_proposals_funding_criteria.pdf\" target=\"_blank\" rel=\"noopener\">politique<\/a>\u00a0en place pour r\u00e9gir l&#039;examen et l&#039;approbation de ces projets sp\u00e9ciaux. Si vous \u00eates int\u00e9ress\u00e9 par notre programme de subventions pour projets sp\u00e9ciaux, veuillez\u00a0<a href=\"https:\/\/glftstaging.wpengine.com\/contact\">Contactez le personnel de GLFT<\/a>.<\/p>\n\t<\/div>\r\n<\/div>\r\n\r\n\r\n\r\n\n\t\t\t<\/div> \n\t\t<\/div>\n\t<\/div> \n<\/div><\/div>\r\n\t\t<div id=\"fws_69f5b58d285ff\"  data-column-margin=\"default\" data-midnight=\"dark\" data-top-percent=\"5%\" data-bottom-percent=\"5%\"  class=\"wpb_row vc_row-fluid vc_row full-width-section\"  style=\"padding-top: calc(100vw * 0.05); padding-bottom: calc(100vw * 0.05); \"><div class=\"row-bg-wrap\" data-bg-animation=\"none\" data-bg-overlay=\"false\"><div class=\"inner-wrap\"><div class=\"row-bg viewport-desktop using-bg-color\"  style=\"background-color: rgba(44,71,93,0.05); \"><\/div><\/div><\/div><div class=\"row_col_wrap_12 col span_12 dark left\">\n\t<div  class=\"vc_col-sm-12 wpb_column column_container vc_column_container col no-extra-padding inherit_tablet inherit_phone\"  data-padding-pos=\"all\" data-has-bg-color=\"false\" data-bg-color=\"\" data-bg-opacity=\"1\" data-animation=\"\" data-delay=\"0\" >\n\t\t<div class=\"vc_column-inner\" >\n\t\t\t<div class=\"wpb_wrapper\">\n\t\t\t\t\r\n<div class=\"wpb_text_column wpb_content_element\" >\r\n\t<div class=\"wpb_wrapper\">\r\n\t\t<h2>Projets sp\u00e9ciaux Histoire des subventions<\/h2>\n<p>Le GLFT a attribu\u00e9 environ\u00a0<strong>$3,1 millions<\/strong> en mati\u00e8re de financement par subventions en dehors des programmes traditionnels.<\/p>\n\t<\/div>\r\n<\/div>\r\n\r\n\r\n\r\n<a class=\"nectar-button jumbo regular extra-color-3  regular-button\"  style=\"margin-top: 25px; \" target=\"_blank\" href=\"https:\/\/portal.glft.org\/projects?utf8=%E2%9C%93&amp;search%5Bquery%5D=&amp;search%5Bproject_id%5D=&amp;search%5Borganization_id%5D=&amp;search%5Bcategory_id%5D=9&amp;search%5Bproject_owner_id%5D=&amp;search%5Baward_low%5D=0&amp;search%5Baward_high%5D=1%2C000%2C000%2C000&amp;search%5Bawarded_date_low%5D=&amp;search%5Bawarded_date_high%5D=08%2F08%2F2022&amp;search%5Bcomplete_low%5D=&amp;search%5Bcomplete_high%5D=08%2F08%2F2022&amp;search%5Bstatus%5D=\" data-color-override=\"false\" data-hover-color-override=\"false\" data-hover-text-color-override=\"#fff\"><span>Voir les subventions pour les projets sp\u00e9ciaux<\/span><\/a><div id=\"fws_69f5b58d28e3c\" data-midnight=\"\" data-column-margin=\"default\" class=\"wpb_row vc_row-fluid vc_row inner_row\"  style=\"\"><div class=\"row-bg-wrap\"> <div class=\"row-bg\" ><\/div> <\/div><div class=\"row_col_wrap_12_inner col span_12  left\">\n\t<div  class=\"vc_col-sm-12 wpb_column column_container vc_column_container col child_column no-extra-padding inherit_tablet inherit_phone\"   data-padding-pos=\"all\" data-has-bg-color=\"false\" data-bg-color=\"\" data-bg-opacity=\"1\" data-animation=\"\" data-delay=\"0\" >\n\t\t<div class=\"vc_column-inner\" >\n\t\t<div class=\"wpb_wrapper\">\n\t\t\t<a class=\"nectar-button jumbo regular extra-color-3  regular-button\"  style=\"margin-top: 25px; color: #2bae79; background-color: #ffffff;\"  href=\"https:\/\/www.glft.org\/fr\/history-of-grantmaking\/\" data-color-override=\"#ffffff\" data-hover-color-override=\"false\" data-hover-text-color-override=\"#fff\"><span>Afficher l&#039;historique complet des subventions<\/span><\/a>\n\t\t<\/div> \n\t<\/div>\n\t<\/div> \n<\/div><\/div>\n\t\t\t<\/div> \n\t\t<\/div>\n\t<\/div> \n<\/div><\/div>","protected":false},"excerpt":{"rendered":"Projets sp\u00e9ciaux Nous croyons qu&#039;un attribut important de notre travail est de maintenir la flexibilit\u00e9 de financer des propositions en dehors de nos programmes de subventions r\u00e9guliers, programm\u00e9s et comp\u00e9titifs afin d&#039;assurer une r\u00e9ponse rapide aux probl\u00e8mes importants qui affectent l&#039;\u00e9cosyst\u00e8me des Grands Lacs. Le GLFT est l&#039;une des rares organisations qui peuvent rapidement saisir des opportunit\u00e9s uniques pour am\u00e9liorer la p\u00eache, \u00e9duquer le public, prot\u00e9ger un habitat pr\u00e9cieux et s\u00e9curiser un acc\u00e8s essentiel \u00e0 la p\u00eache. Pour tenir compte de cette valeur, le GLFT a cr\u00e9\u00e9 un moyen d&#039;examiner les propositions de \u00ab cas sp\u00e9ciaux \u00bb ou les projets sp\u00e9ciaux. Pour \u00eatre consid\u00e9r\u00e9e comme un projet sp\u00e9cial, l&#039;activit\u00e9 propos\u00e9e doit : G\u00e9n\u00e9ralement ne pas relever d&#039;un processus de demande de propositions (DP) \u00catre nomm\u00e9e par un membre du conseil d&#039;administration qui est pr\u00eat \u00e0 d\u00e9fendre la proposition devant le conseil Le GLFT a mis en place une politique pour r\u00e9gir l&#039;examen et l&#039;approbation de ces projets sp\u00e9ciaux. Si vous \u00eates int\u00e9ress\u00e9 par notre programme de subventions pour projets sp\u00e9ciaux, veuillez contacter le personnel du GLFT. Projets sp\u00e9ciaux Historique des subventions Le GLFT a accord\u00e9 environ 143,1 millions de dollars en subventions en dehors des programmes traditionnels. Voir les subventions pour projets sp\u00e9ciaux Voir l&#039;historique complet des subventions","protected":false},"author":1,"featured_media":0,"parent":0,"menu_order":0,"comment_status":"closed","ping_status":"closed","template":"","meta":{"_acf_changed":false,"inline_featured_image":false,"footnotes":""},"class_list":["post-18","page","type-page","status-publish"],"acf":[],"yoast_head":"<!-- This site is optimized with the Yoast SEO plugin v27.5 - https:\/\/yoast.com\/product\/yoast-seo-wordpress\/ -->\n<title>Special Projects - Great Lakes Fishery Trust<\/title>\n<meta name=\"robots\" content=\"index, follow, max-snippet:-1, max-image-preview:large, max-video-preview:-1\" \/>\n<link rel=\"canonical\" href=\"https:\/\/www.glft.org\/fr\/special-projects\/\" \/>\n<meta property=\"og:locale\" content=\"fr_FR\" \/>\n<meta property=\"og:type\" content=\"article\" \/>\n<meta property=\"og:title\" content=\"Special Projects - Great Lakes Fishery Trust\" \/>\n<meta property=\"og:url\" content=\"https:\/\/www.glft.org\/fr\/special-projects\/\" \/>\n<meta property=\"og:site_name\" content=\"Great Lakes Fishery Trust\" \/>\n<meta property=\"article:modified_time\" content=\"2022-08-25T12:44:31+00:00\" \/>\n<meta name=\"twitter:card\" content=\"summary_large_image\" \/>\n<meta name=\"twitter:label1\" content=\"Est. reading time\" \/>\n\t<meta name=\"twitter:data1\" content=\"5 minutes\" \/>\n<script type=\"application\/ld+json\" class=\"yoast-schema-graph\">{\"@context\":\"https:\\\/\\\/schema.org\",\"@graph\":[{\"@type\":\"WebPage\",\"@id\":\"https:\\\/\\\/www.glft.org\\\/special-projects\\\/\",\"url\":\"https:\\\/\\\/www.glft.org\\\/special-projects\\\/\",\"name\":\"Special Projects - Great Lakes Fishery Trust\",\"isPartOf\":{\"@id\":\"https:\\\/\\\/www.glft.org\\\/#website\"},\"datePublished\":\"2021-08-30T20:04:26+00:00\",\"dateModified\":\"2022-08-25T12:44:31+00:00\",\"breadcrumb\":{\"@id\":\"https:\\\/\\\/www.glft.org\\\/special-projects\\\/#breadcrumb\"},\"inLanguage\":\"fr-FR\",\"potentialAction\":[{\"@type\":\"ReadAction\",\"target\":[\"https:\\\/\\\/www.glft.org\\\/special-projects\\\/\"]}]},{\"@type\":\"BreadcrumbList\",\"@id\":\"https:\\\/\\\/www.glft.org\\\/special-projects\\\/#breadcrumb\",\"itemListElement\":[{\"@type\":\"ListItem\",\"position\":1,\"name\":\"Home\",\"item\":\"https:\\\/\\\/www.glft.org\\\/\"},{\"@type\":\"ListItem\",\"position\":2,\"name\":\"Special Projects\"}]},{\"@type\":\"WebSite\",\"@id\":\"https:\\\/\\\/www.glft.org\\\/#website\",\"url\":\"https:\\\/\\\/www.glft.org\\\/\",\"name\":\"Great Lakes Fishery Trust\",\"description\":\"\",\"publisher\":{\"@id\":\"https:\\\/\\\/www.glft.org\\\/#organization\"},\"potentialAction\":[{\"@type\":\"SearchAction\",\"target\":{\"@type\":\"EntryPoint\",\"urlTemplate\":\"https:\\\/\\\/www.glft.org\\\/?s={search_term_string}\"},\"query-input\":{\"@type\":\"PropertyValueSpecification\",\"valueRequired\":true,\"valueName\":\"search_term_string\"}}],\"inLanguage\":\"fr-FR\"},{\"@type\":\"Organization\",\"@id\":\"https:\\\/\\\/www.glft.org\\\/#organization\",\"name\":\"Great Lakes Fishery Trust\",\"url\":\"https:\\\/\\\/www.glft.org\\\/\",\"logo\":{\"@type\":\"ImageObject\",\"inLanguage\":\"fr-FR\",\"@id\":\"https:\\\/\\\/www.glft.org\\\/#\\\/schema\\\/logo\\\/image\\\/\",\"url\":\"https:\\\/\\\/www.glft.org\\\/wp-content\\\/uploads\\\/2021\\\/09\\\/GLFT-Logo-Color.png\",\"contentUrl\":\"https:\\\/\\\/www.glft.org\\\/wp-content\\\/uploads\\\/2021\\\/09\\\/GLFT-Logo-Color.png\",\"width\":2084,\"height\":1389,\"caption\":\"Great Lakes Fishery Trust\"},\"image\":{\"@id\":\"https:\\\/\\\/www.glft.org\\\/#\\\/schema\\\/logo\\\/image\\\/\"}}]}<\/script>\n<!-- \/ Yoast SEO plugin. -->","yoast_head_json":{"title":"Projets sp\u00e9ciaux - Great Lakes Fishery Trust","robots":{"index":"index","follow":"follow","max-snippet":"max-snippet:-1","max-image-preview":"max-image-preview:large","max-video-preview":"max-video-preview:-1"},"canonical":"https:\/\/www.glft.org\/fr\/special-projects\/","og_locale":"fr_FR","og_type":"article","og_title":"Special Projects - Great Lakes Fishery Trust","og_url":"https:\/\/www.glft.org\/fr\/special-projects\/","og_site_name":"Great Lakes Fishery Trust","article_modified_time":"2022-08-25T12:44:31+00:00","twitter_card":"summary_large_image","twitter_misc":{"Est. reading time":"5 minutes"},"schema":{"@context":"https:\/\/schema.org","@graph":[{"@type":"WebPage","@id":"https:\/\/www.glft.org\/special-projects\/","url":"https:\/\/www.glft.org\/special-projects\/","name":"Projets sp\u00e9ciaux - Great Lakes Fishery Trust","isPartOf":{"@id":"https:\/\/www.glft.org\/#website"},"datePublished":"2021-08-30T20:04:26+00:00","dateModified":"2022-08-25T12:44:31+00:00","breadcrumb":{"@id":"https:\/\/www.glft.org\/special-projects\/#breadcrumb"},"inLanguage":"fr-FR","potentialAction":[{"@type":"ReadAction","target":["https:\/\/www.glft.org\/special-projects\/"]}]},{"@type":"BreadcrumbList","@id":"https:\/\/www.glft.org\/special-projects\/#breadcrumb","itemListElement":[{"@type":"ListItem","position":1,"name":"Home","item":"https:\/\/www.glft.org\/"},{"@type":"ListItem","position":2,"name":"Special Projects"}]},{"@type":"WebSite","@id":"https:\/\/www.glft.org\/#website","url":"https:\/\/www.glft.org\/","name":"Fiducie de p\u00eache des Grands Lacs","description":"","publisher":{"@id":"https:\/\/www.glft.org\/#organization"},"potentialAction":[{"@type":"SearchAction","target":{"@type":"EntryPoint","urlTemplate":"https:\/\/www.glft.org\/?s={search_term_string}"},"query-input":{"@type":"PropertyValueSpecification","valueRequired":true,"valueName":"search_term_string"}}],"inLanguage":"fr-FR"},{"@type":"Organization","@id":"https:\/\/www.glft.org\/#organization","name":"Fiducie de p\u00eache des Grands Lacs","url":"https:\/\/www.glft.org\/","logo":{"@type":"ImageObject","inLanguage":"fr-FR","@id":"https:\/\/www.glft.org\/#\/schema\/logo\/image\/","url":"https:\/\/www.glft.org\/wp-content\/uploads\/2021\/09\/GLFT-Logo-Color.png","contentUrl":"https:\/\/www.glft.org\/wp-content\/uploads\/2021\/09\/GLFT-Logo-Color.png","width":2084,"height":1389,"caption":"Great Lakes Fishery Trust"},"image":{"@id":"https:\/\/www.glft.org\/#\/schema\/logo\/image\/"}}]}},"publishpress_future_workflow_manual_trigger":{"enabledWorkflows":[]},"_links":{"self":[{"href":"https:\/\/www.glft.org\/fr\/wp-json\/wp\/v2\/pages\/18","targetHints":{"allow":["GET"]}}],"collection":[{"href":"https:\/\/www.glft.org\/fr\/wp-json\/wp\/v2\/pages"}],"about":[{"href":"https:\/\/www.glft.org\/fr\/wp-json\/wp\/v2\/types\/page"}],"author":[{"embeddable":true,"href":"https:\/\/www.glft.org\/fr\/wp-json\/wp\/v2\/users\/1"}],"replies":[{"embeddable":true,"href":"https:\/\/www.glft.org\/fr\/wp-json\/wp\/v2\/comments?post=18"}],"version-history":[{"count":0,"href":"https:\/\/www.glft.org\/fr\/wp-json\/wp\/v2\/pages\/18\/revisions"}],"wp:attachment":[{"href":"https:\/\/www.glft.org\/fr\/wp-json\/wp\/v2\/media?parent=18"}],"curies":[{"name":"wp","href":"https:\/\/api.w.org\/{rel}","templated":true}]}}