{"id":2130,"date":"2024-11-25T15:29:58","date_gmt":"2024-11-25T20:29:58","guid":{"rendered":"https:\/\/www.glft.org\/?page_id=2130"},"modified":"2024-11-25T15:29:58","modified_gmt":"2024-11-25T20:29:58","slug":"2025-great-lakes-stewardship-webinar-registration","status":"publish","type":"page","link":"https:\/\/www.glft.org\/fr\/2025-great-lakes-stewardship-webinar-registration\/","title":{"rendered":"Inscription au webinaire sur la gestion des Grands Lacs 2025"},"content":{"rendered":"<div id=\"fws_69d1dc4f5872a\"  data-column-margin=\"default\" data-midnight=\"dark\"  class=\"wpb_row vc_row-fluid vc_row\"  style=\"padding-top: 0px; padding-bottom: 0px; \"><div class=\"row-bg-wrap\" data-bg-animation=\"none\" data-bg-overlay=\"false\"><div class=\"inner-wrap\"><div class=\"row-bg viewport-desktop\"  style=\"\"><\/div><\/div><\/div><div class=\"row_col_wrap_12 col span_12 dark left\">\n\t<div  class=\"vc_col-sm-12 wpb_column column_container vc_column_container col no-extra-padding inherit_tablet inherit_phone\"  data-padding-pos=\"all\" data-has-bg-color=\"false\" data-bg-color=\"\" data-bg-opacity=\"1\" data-animation=\"\" data-delay=\"0\" >\n\t\t<div class=\"vc_column-inner\" >\n\t\t\t<div class=\"wpb_wrapper\">\n\t\t\t\t\n\t\t\t<\/div> \n\t\t<\/div>\n\t<\/div> \n<\/div><\/div>\r\n\t\t<div id=\"fws_69d1dc4f58afa\"  data-column-margin=\"default\" data-midnight=\"dark\"  class=\"wpb_row vc_row-fluid vc_row\"  style=\"padding-top: 0px; padding-bottom: 0px; \"><div class=\"row-bg-wrap\" data-bg-animation=\"none\" data-bg-overlay=\"false\"><div class=\"inner-wrap\"><div class=\"row-bg viewport-desktop\"  style=\"\"><\/div><\/div><\/div><div class=\"row_col_wrap_12 col span_12 dark left\">\n\t<div style=\"\" class=\"vc_col-sm-3 wpb_column column_container vc_column_container col padding-3-percent inherit_tablet inherit_phone\" data-using-bg=\"true\" data-padding-pos=\"all\" data-has-bg-color=\"true\" data-bg-color=\"#f4f6f7\" data-bg-opacity=\"1\" data-animation=\"\" data-delay=\"0\" >\n\t\t<div class=\"vc_column-inner\" ><div class=\"column-bg-overlay-wrap\" data-bg-animation=\"none\"><div class=\"column-bg-overlay\" style=\"opacity: 1; background-color: #f4f6f7;\"><\/div><\/div>\n\t\t\t<div class=\"wpb_wrapper\">\n\t\t\t\t\r\n<div class=\"wpb_text_column wpb_content_element\" >\r\n\t<div class=\"wpb_wrapper\">\r\n\t\t<p><strong>Quand:<\/strong><br \/>\n10 d\u00e9cembre 2024<br \/>\n10h00-10h45<\/p>\n<p><strong>O\u00f9:<\/strong><br \/>\nWebinaire Zoom<\/p>\n\t<\/div>\r\n<\/div>\r\n\r\n\r\n\r\n\n\t\t\t<\/div> \n\t\t<\/div>\n\t<\/div> \n\n\t<div  class=\"vc_col-sm-9 wpb_column column_container vc_column_container col no-extra-padding inherit_tablet inherit_phone\"  data-padding-pos=\"all\" data-has-bg-color=\"false\" data-bg-color=\"\" data-bg-opacity=\"1\" data-animation=\"\" data-delay=\"0\" >\n\t\t<div class=\"vc_column-inner\" >\n\t\t\t<div class=\"wpb_wrapper\">\n\t\t\t\t<div class=\"divider-wrap\" data-alignment=\"default\"><div style=\"height: 30px;\" class=\"divider\"><\/div><\/div>\r\n<div class=\"wpb_text_column wpb_content_element\" >\r\n\t<div class=\"wpb_wrapper\">\r\n\t\t<p>Le webinaire sur l&#039;intendance des Grands Lacs fera la promotion du programme de subventions pour l&#039;intendance des Grands Lacs. Le personnel du Great Lakes Fishery Trust discutera des priorit\u00e9s du programme, fournira des informations sur la demande en ligne, r\u00e9sumera le processus d&#039;examen et r\u00e9pondra aux questions des candidats.<\/p>\n<p>Si vous avez des questions, veuillez contacter Meagan O&#039;Brien au <a href=\"mailto:mobrien@glft.org\">mobrien@glft.org<\/a>.<\/p>\n\t<\/div>\r\n<\/div>\r\n\r\n\r\n\r\n\n\t\t\t<\/div> \n\t\t<\/div>\n\t<\/div> \n<\/div><\/div>\r\n\t\t<div id=\"fws_69d1dc4f5a025\"  data-column-margin=\"default\" data-midnight=\"dark\"  class=\"wpb_row vc_row-fluid vc_row\"  style=\"padding-top: 100px; padding-bottom: 0px; \"><div class=\"row-bg-wrap\" data-bg-animation=\"none\" data-bg-overlay=\"false\"><div class=\"inner-wrap\"><div class=\"row-bg viewport-desktop\"  style=\"\"><\/div><\/div><\/div><div class=\"row_col_wrap_12 col span_12 dark left\">\n\t<div  class=\"vc_col-sm-12 wpb_column column_container vc_column_container col no-extra-padding inherit_tablet inherit_phone\"  data-padding-pos=\"all\" data-has-bg-color=\"false\" data-bg-color=\"\" data-bg-opacity=\"1\" data-animation=\"\" data-delay=\"0\" >\n\t\t<div class=\"vc_column-inner\" >\n\t\t\t<div class=\"wpb_wrapper\">\n\t\t\t\t\n\t\t\t<\/div> \n\t\t<\/div>\n\t<\/div> \n<\/div><\/div>","protected":false},"excerpt":{"rendered":"When: December 10, 2024 10:00-10:45 a.m. Where: Zoom Webinar The Great Lakes Stewardship Webinar will promote the Great Lakes Stewardship grant program. Great Lakes Fishery Trust staff will discuss program priorities, provide information on the online application, summarize the review process, and answer applicant questions. If you have questions, please contact Meagan O'Brien at mobrien@glft.org.","protected":false},"author":7,"featured_media":1722,"parent":0,"menu_order":0,"comment_status":"closed","ping_status":"closed","template":"","meta":{"_acf_changed":false,"inline_featured_image":false,"footnotes":""},"class_list":["post-2130","page","type-page","status-publish","has-post-thumbnail"],"acf":[],"yoast_head":"<!-- This site is optimized with the Yoast SEO plugin v27.3 - https:\/\/yoast.com\/product\/yoast-seo-wordpress\/ -->\n<title>2025 Great Lakes Stewardship Webinar Registration - Great Lakes Fishery Trust<\/title>\n<meta name=\"description\" content=\"This Webinar will provide additional information to prospective applicants for the Great Lakes Stewardship grant program\" \/>\n<meta name=\"robots\" content=\"index, follow, max-snippet:-1, max-image-preview:large, max-video-preview:-1\" \/>\n<link rel=\"canonical\" href=\"https:\/\/www.glft.org\/fr\/2025-great-lakes-stewardship-webinar-registration\/\" \/>\n<meta property=\"og:locale\" content=\"fr_FR\" \/>\n<meta property=\"og:type\" content=\"article\" \/>\n<meta property=\"og:title\" content=\"2025 Great Lakes Stewardship Webinar Registration - Great Lakes Fishery Trust\" \/>\n<meta property=\"og:description\" content=\"This Webinar will provide additional information to prospective applicants for the Great Lakes Stewardship grant program\" \/>\n<meta property=\"og:url\" content=\"https:\/\/www.glft.org\/fr\/2025-great-lakes-stewardship-webinar-registration\/\" \/>\n<meta property=\"og:site_name\" content=\"Great Lakes Fishery Trust\" \/>\n<meta property=\"og:image\" content=\"https:\/\/www.glft.org\/wp-content\/uploads\/2021\/10\/DollarBay-1.jpeg\" \/>\n\t<meta property=\"og:image:width\" content=\"1113\" \/>\n\t<meta property=\"og:image:height\" content=\"527\" \/>\n\t<meta property=\"og:image:type\" content=\"image\/jpeg\" \/>\n<meta name=\"twitter:card\" content=\"summary_large_image\" \/>\n<meta name=\"twitter:label1\" content=\"Est. reading time\" \/>\n\t<meta name=\"twitter:data1\" content=\"3 minutes\" \/>\n<script type=\"application\/ld+json\" class=\"yoast-schema-graph\">{\"@context\":\"https:\\\/\\\/schema.org\",\"@graph\":[{\"@type\":\"WebPage\",\"@id\":\"https:\\\/\\\/www.glft.org\\\/2025-great-lakes-stewardship-webinar-registration\\\/\",\"url\":\"https:\\\/\\\/www.glft.org\\\/2025-great-lakes-stewardship-webinar-registration\\\/\",\"name\":\"2025 Great Lakes Stewardship Webinar Registration - Great Lakes Fishery Trust\",\"isPartOf\":{\"@id\":\"https:\\\/\\\/www.glft.org\\\/#website\"},\"primaryImageOfPage\":{\"@id\":\"https:\\\/\\\/www.glft.org\\\/2025-great-lakes-stewardship-webinar-registration\\\/#primaryimage\"},\"image\":{\"@id\":\"https:\\\/\\\/www.glft.org\\\/2025-great-lakes-stewardship-webinar-registration\\\/#primaryimage\"},\"thumbnailUrl\":\"https:\\\/\\\/www.glft.org\\\/wp-content\\\/uploads\\\/2021\\\/10\\\/DollarBay-1.jpeg\",\"datePublished\":\"2024-11-25T20:29:58+00:00\",\"description\":\"This Webinar will provide additional information to prospective applicants for the Great Lakes Stewardship grant program\",\"breadcrumb\":{\"@id\":\"https:\\\/\\\/www.glft.org\\\/2025-great-lakes-stewardship-webinar-registration\\\/#breadcrumb\"},\"inLanguage\":\"fr-FR\",\"potentialAction\":[{\"@type\":\"ReadAction\",\"target\":[\"https:\\\/\\\/www.glft.org\\\/2025-great-lakes-stewardship-webinar-registration\\\/\"]}]},{\"@type\":\"ImageObject\",\"inLanguage\":\"fr-FR\",\"@id\":\"https:\\\/\\\/www.glft.org\\\/2025-great-lakes-stewardship-webinar-registration\\\/#primaryimage\",\"url\":\"https:\\\/\\\/www.glft.org\\\/wp-content\\\/uploads\\\/2021\\\/10\\\/DollarBay-1.jpeg\",\"contentUrl\":\"https:\\\/\\\/www.glft.org\\\/wp-content\\\/uploads\\\/2021\\\/10\\\/DollarBay-1.jpeg\",\"width\":1113,\"height\":527},{\"@type\":\"BreadcrumbList\",\"@id\":\"https:\\\/\\\/www.glft.org\\\/2025-great-lakes-stewardship-webinar-registration\\\/#breadcrumb\",\"itemListElement\":[{\"@type\":\"ListItem\",\"position\":1,\"name\":\"Home\",\"item\":\"https:\\\/\\\/www.glft.org\\\/\"},{\"@type\":\"ListItem\",\"position\":2,\"name\":\"2025 Great Lakes Stewardship Webinar Registration\"}]},{\"@type\":\"WebSite\",\"@id\":\"https:\\\/\\\/www.glft.org\\\/#website\",\"url\":\"https:\\\/\\\/www.glft.org\\\/\",\"name\":\"Great Lakes Fishery Trust\",\"description\":\"\",\"publisher\":{\"@id\":\"https:\\\/\\\/www.glft.org\\\/#organization\"},\"potentialAction\":[{\"@type\":\"SearchAction\",\"target\":{\"@type\":\"EntryPoint\",\"urlTemplate\":\"https:\\\/\\\/www.glft.org\\\/?s={search_term_string}\"},\"query-input\":{\"@type\":\"PropertyValueSpecification\",\"valueRequired\":true,\"valueName\":\"search_term_string\"}}],\"inLanguage\":\"fr-FR\"},{\"@type\":\"Organization\",\"@id\":\"https:\\\/\\\/www.glft.org\\\/#organization\",\"name\":\"Great Lakes Fishery Trust\",\"url\":\"https:\\\/\\\/www.glft.org\\\/\",\"logo\":{\"@type\":\"ImageObject\",\"inLanguage\":\"fr-FR\",\"@id\":\"https:\\\/\\\/www.glft.org\\\/#\\\/schema\\\/logo\\\/image\\\/\",\"url\":\"https:\\\/\\\/www.glft.org\\\/wp-content\\\/uploads\\\/2021\\\/09\\\/GLFT-Logo-Color.png\",\"contentUrl\":\"https:\\\/\\\/www.glft.org\\\/wp-content\\\/uploads\\\/2021\\\/09\\\/GLFT-Logo-Color.png\",\"width\":2084,\"height\":1389,\"caption\":\"Great Lakes Fishery Trust\"},\"image\":{\"@id\":\"https:\\\/\\\/www.glft.org\\\/#\\\/schema\\\/logo\\\/image\\\/\"}}]}<\/script>\n<!-- \/ Yoast SEO plugin. -->","yoast_head_json":{"title":"2025 Great Lakes Stewardship Webinar Registration - Great Lakes Fishery Trust","description":"This Webinar will provide additional information to prospective applicants for the Great Lakes Stewardship grant program","robots":{"index":"index","follow":"follow","max-snippet":"max-snippet:-1","max-image-preview":"max-image-preview:large","max-video-preview":"max-video-preview:-1"},"canonical":"https:\/\/www.glft.org\/fr\/2025-great-lakes-stewardship-webinar-registration\/","og_locale":"fr_FR","og_type":"article","og_title":"2025 Great Lakes Stewardship Webinar Registration - Great Lakes Fishery Trust","og_description":"This Webinar will provide additional information to prospective applicants for the Great Lakes Stewardship grant program","og_url":"https:\/\/www.glft.org\/fr\/2025-great-lakes-stewardship-webinar-registration\/","og_site_name":"Great Lakes Fishery Trust","og_image":[{"width":1113,"height":527,"url":"https:\/\/www.glft.org\/wp-content\/uploads\/2021\/10\/DollarBay-1.jpeg","type":"image\/jpeg"}],"twitter_card":"summary_large_image","twitter_misc":{"Est. reading time":"3 minutes"},"schema":{"@context":"https:\/\/schema.org","@graph":[{"@type":"WebPage","@id":"https:\/\/www.glft.org\/2025-great-lakes-stewardship-webinar-registration\/","url":"https:\/\/www.glft.org\/2025-great-lakes-stewardship-webinar-registration\/","name":"2025 Great Lakes Stewardship Webinar Registration - Great Lakes Fishery Trust","isPartOf":{"@id":"https:\/\/www.glft.org\/#website"},"primaryImageOfPage":{"@id":"https:\/\/www.glft.org\/2025-great-lakes-stewardship-webinar-registration\/#primaryimage"},"image":{"@id":"https:\/\/www.glft.org\/2025-great-lakes-stewardship-webinar-registration\/#primaryimage"},"thumbnailUrl":"https:\/\/www.glft.org\/wp-content\/uploads\/2021\/10\/DollarBay-1.jpeg","datePublished":"2024-11-25T20:29:58+00:00","description":"This Webinar will provide additional information to prospective applicants for the Great Lakes Stewardship grant program","breadcrumb":{"@id":"https:\/\/www.glft.org\/2025-great-lakes-stewardship-webinar-registration\/#breadcrumb"},"inLanguage":"fr-FR","potentialAction":[{"@type":"ReadAction","target":["https:\/\/www.glft.org\/2025-great-lakes-stewardship-webinar-registration\/"]}]},{"@type":"ImageObject","inLanguage":"fr-FR","@id":"https:\/\/www.glft.org\/2025-great-lakes-stewardship-webinar-registration\/#primaryimage","url":"https:\/\/www.glft.org\/wp-content\/uploads\/2021\/10\/DollarBay-1.jpeg","contentUrl":"https:\/\/www.glft.org\/wp-content\/uploads\/2021\/10\/DollarBay-1.jpeg","width":1113,"height":527},{"@type":"BreadcrumbList","@id":"https:\/\/www.glft.org\/2025-great-lakes-stewardship-webinar-registration\/#breadcrumb","itemListElement":[{"@type":"ListItem","position":1,"name":"Home","item":"https:\/\/www.glft.org\/"},{"@type":"ListItem","position":2,"name":"2025 Great Lakes Stewardship Webinar Registration"}]},{"@type":"WebSite","@id":"https:\/\/www.glft.org\/#website","url":"https:\/\/www.glft.org\/","name":"Fiducie de p\u00eache des Grands Lacs","description":"","publisher":{"@id":"https:\/\/www.glft.org\/#organization"},"potentialAction":[{"@type":"SearchAction","target":{"@type":"EntryPoint","urlTemplate":"https:\/\/www.glft.org\/?s={search_term_string}"},"query-input":{"@type":"PropertyValueSpecification","valueRequired":true,"valueName":"search_term_string"}}],"inLanguage":"fr-FR"},{"@type":"Organization","@id":"https:\/\/www.glft.org\/#organization","name":"Fiducie de p\u00eache des Grands Lacs","url":"https:\/\/www.glft.org\/","logo":{"@type":"ImageObject","inLanguage":"fr-FR","@id":"https:\/\/www.glft.org\/#\/schema\/logo\/image\/","url":"https:\/\/www.glft.org\/wp-content\/uploads\/2021\/09\/GLFT-Logo-Color.png","contentUrl":"https:\/\/www.glft.org\/wp-content\/uploads\/2021\/09\/GLFT-Logo-Color.png","width":2084,"height":1389,"caption":"Great Lakes Fishery Trust"},"image":{"@id":"https:\/\/www.glft.org\/#\/schema\/logo\/image\/"}}]}},"publishpress_future_workflow_manual_trigger":{"enabledWorkflows":[]},"_links":{"self":[{"href":"https:\/\/www.glft.org\/fr\/wp-json\/wp\/v2\/pages\/2130","targetHints":{"allow":["GET"]}}],"collection":[{"href":"https:\/\/www.glft.org\/fr\/wp-json\/wp\/v2\/pages"}],"about":[{"href":"https:\/\/www.glft.org\/fr\/wp-json\/wp\/v2\/types\/page"}],"author":[{"embeddable":true,"href":"https:\/\/www.glft.org\/fr\/wp-json\/wp\/v2\/users\/7"}],"replies":[{"embeddable":true,"href":"https:\/\/www.glft.org\/fr\/wp-json\/wp\/v2\/comments?post=2130"}],"version-history":[{"count":0,"href":"https:\/\/www.glft.org\/fr\/wp-json\/wp\/v2\/pages\/2130\/revisions"}],"wp:featuredmedia":[{"embeddable":true,"href":"https:\/\/www.glft.org\/fr\/wp-json\/wp\/v2\/media\/1722"}],"wp:attachment":[{"href":"https:\/\/www.glft.org\/fr\/wp-json\/wp\/v2\/media?parent=2130"}],"curies":[{"name":"wp","href":"https:\/\/api.w.org\/{rel}","templated":true}]}}