{"id":2135,"date":"2024-11-22T10:01:14","date_gmt":"2024-11-22T15:01:14","guid":{"rendered":"https:\/\/www.glft.org\/?page_id=2135"},"modified":"2024-11-22T10:01:14","modified_gmt":"2024-11-22T15:01:14","slug":"2025-information-for-glft-research-and-human-dimensions-registration","status":"publish","type":"page","link":"https:\/\/www.glft.org\/fr\/2025-information-for-glft-research-and-human-dimensions-registration\/","title":{"rendered":"2025 Information for GLFT Research and Human Dimensions Registration"},"content":{"rendered":"<div id=\"fws_69d159cfec9df\"  data-column-margin=\"default\" data-midnight=\"dark\"  class=\"wpb_row vc_row-fluid vc_row\"  style=\"padding-top: 0px; padding-bottom: 0px; \"><div class=\"row-bg-wrap\" data-bg-animation=\"none\" data-bg-overlay=\"false\"><div class=\"inner-wrap\"><div class=\"row-bg viewport-desktop\"  style=\"\"><\/div><\/div><\/div><div class=\"row_col_wrap_12 col span_12 dark left\">\n\t<div  class=\"vc_col-sm-12 wpb_column column_container vc_column_container col no-extra-padding inherit_tablet inherit_phone\"  data-padding-pos=\"all\" data-has-bg-color=\"false\" data-bg-color=\"\" data-bg-opacity=\"1\" data-animation=\"\" data-delay=\"0\" >\n\t\t<div class=\"vc_column-inner\" >\n\t\t\t<div class=\"wpb_wrapper\">\n\t\t\t\t<div class=\"divider-wrap\" data-alignment=\"default\"><div style=\"height: 30px;\" class=\"divider\"><\/div><\/div>\n\t\t\t<\/div> \n\t\t<\/div>\n\t<\/div> \n<\/div><\/div>\r\n\t\t<div id=\"fws_69d159cfecf27\"  data-column-margin=\"default\" data-midnight=\"dark\"  class=\"wpb_row vc_row-fluid vc_row\"  style=\"padding-top: 0px; padding-bottom: 0px; \"><div class=\"row-bg-wrap\" data-bg-animation=\"none\" data-bg-overlay=\"false\"><div class=\"inner-wrap\"><div class=\"row-bg viewport-desktop\"  style=\"\"><\/div><\/div><\/div><div class=\"row_col_wrap_12 col span_12 dark left\">\n\t<div style=\"\" class=\"vc_col-sm-3 wpb_column column_container vc_column_container col padding-3-percent inherit_tablet inherit_phone\" data-using-bg=\"true\" data-padding-pos=\"all\" data-has-bg-color=\"true\" data-bg-color=\"#f4f6f7\" data-bg-opacity=\"1\" data-animation=\"\" data-delay=\"0\" >\n\t\t<div class=\"vc_column-inner\" ><div class=\"column-bg-overlay-wrap\" data-bg-animation=\"none\"><div class=\"column-bg-overlay\" style=\"opacity: 1; background-color: #f4f6f7;\"><\/div><\/div>\n\t\t\t<div class=\"wpb_wrapper\">\n\t\t\t\t\r\n<div class=\"wpb_text_column wpb_content_element\" >\r\n\t<div class=\"wpb_wrapper\">\r\n\t\t<p><strong>Quand:<\/strong><br \/>\n12 d\u00e9cembre 2024<br \/>\n10h30-11h15<\/p>\n<p><strong>O\u00f9:<\/strong><br \/>\nWebinaire Zoom<\/p>\n\t<\/div>\r\n<\/div>\r\n\r\n\r\n\r\n\n\t\t\t<\/div> \n\t\t<\/div>\n\t<\/div> \n\n\t<div  class=\"vc_col-sm-9 wpb_column column_container vc_column_container col no-extra-padding inherit_tablet inherit_phone\"  data-padding-pos=\"all\" data-has-bg-color=\"false\" data-bg-color=\"\" data-bg-opacity=\"1\" data-animation=\"\" data-delay=\"0\" >\n\t\t<div class=\"vc_column-inner\" >\n\t\t\t<div class=\"wpb_wrapper\">\n\t\t\t\t\r\n<div class=\"wpb_text_column wpb_content_element\" >\r\n\t<div class=\"wpb_wrapper\">\r\n\t\t<p>Ce webinaire fournira une assistance aux demandeurs de subventions du Great Lakes Fishery Trust ou aux demandeurs potentiels dans le cadre du <a href=\"https:\/\/portal.glft.org\/documents\/3123-2025_ecobioresearch_preproposal_guidance_doc-pdf\">Recherche<\/a> et <a href=\"https:\/\/portal.glft.org\/documents\/3124-2025_human_dimensions_research_preproposal_guidance_doc-pdf\">Dimensions humaines<\/a> Appels \u00e0 propositions. Le personnel du GLFT et le copr\u00e9sident de l&#039;\u00e9quipe consultative scientifique discuteront des priorit\u00e9s de recherche, passeront en revue la candidature en ligne, r\u00e9sumeront le processus d&#039;examen et r\u00e9pondront aux questions des candidats.<\/p>\n\t<\/div>\r\n<\/div>\r\n\r\n\r\n\r\n\n\t\t\t<\/div> \n\t\t<\/div>\n\t<\/div> \n<\/div><\/div>","protected":false},"excerpt":{"rendered":"When: December 12, 2024 10:30-11:15 a.m. Where: Zoom Webinar This webinar will provide assistance to Great Lakes Fishery Trust grant applicants or potential applicants under the Research and Human Dimensions requests for proposals. GLFT staff and the Scientific Advisory Team co-chair will discuss the research priorities, walk through the online application, summarize the review process, and answer applicants\u2019 questions.","protected":false},"author":7,"featured_media":1883,"parent":0,"menu_order":0,"comment_status":"closed","ping_status":"closed","template":"","meta":{"_acf_changed":false,"inline_featured_image":false,"footnotes":""},"class_list":["post-2135","page","type-page","status-publish","has-post-thumbnail"],"acf":[],"yoast_head":"<!-- This site is optimized with the Yoast SEO plugin v27.3 - https:\/\/yoast.com\/product\/yoast-seo-wordpress\/ -->\n<title>2025 Information for GLFT Research and Human Dimensions Registration - Great Lakes Fishery Trust<\/title>\n<meta name=\"description\" content=\"This webinar will provide assistance to Great Lakes Fishery Trust grant applicants or potential applicants under the Research and Human Dimensions requests for proposals.\" \/>\n<meta name=\"robots\" content=\"index, follow, max-snippet:-1, max-image-preview:large, max-video-preview:-1\" \/>\n<link rel=\"canonical\" href=\"https:\/\/www.glft.org\/fr\/2025-information-for-glft-research-and-human-dimensions-registration\/\" \/>\n<meta property=\"og:locale\" content=\"fr_FR\" \/>\n<meta property=\"og:type\" content=\"article\" \/>\n<meta property=\"og:title\" content=\"2025 Information for GLFT Research and Human Dimensions Registration - Great Lakes Fishery Trust\" \/>\n<meta property=\"og:description\" content=\"This webinar will provide assistance to Great Lakes Fishery Trust grant applicants or potential applicants under the Research and Human Dimensions requests for proposals.\" \/>\n<meta property=\"og:url\" content=\"https:\/\/www.glft.org\/fr\/2025-information-for-glft-research-and-human-dimensions-registration\/\" \/>\n<meta property=\"og:site_name\" content=\"Great Lakes Fishery Trust\" \/>\n<meta property=\"og:image\" content=\"https:\/\/www.glft.org\/wp-content\/uploads\/2023\/11\/Untitled-design-1.png\" \/>\n\t<meta property=\"og:image:width\" content=\"600\" \/>\n\t<meta property=\"og:image:height\" content=\"400\" \/>\n\t<meta property=\"og:image:type\" content=\"image\/png\" \/>\n<meta name=\"twitter:card\" content=\"summary_large_image\" \/>\n<meta name=\"twitter:label1\" content=\"Est. reading time\" \/>\n\t<meta name=\"twitter:data1\" content=\"2 minutes\" \/>\n<script type=\"application\/ld+json\" class=\"yoast-schema-graph\">{\"@context\":\"https:\\\/\\\/schema.org\",\"@graph\":[{\"@type\":\"WebPage\",\"@id\":\"https:\\\/\\\/www.glft.org\\\/2025-information-for-glft-research-and-human-dimensions-registration\\\/\",\"url\":\"https:\\\/\\\/www.glft.org\\\/2025-information-for-glft-research-and-human-dimensions-registration\\\/\",\"name\":\"2025 Information for GLFT Research and Human Dimensions Registration - Great Lakes Fishery Trust\",\"isPartOf\":{\"@id\":\"https:\\\/\\\/www.glft.org\\\/#website\"},\"primaryImageOfPage\":{\"@id\":\"https:\\\/\\\/www.glft.org\\\/2025-information-for-glft-research-and-human-dimensions-registration\\\/#primaryimage\"},\"image\":{\"@id\":\"https:\\\/\\\/www.glft.org\\\/2025-information-for-glft-research-and-human-dimensions-registration\\\/#primaryimage\"},\"thumbnailUrl\":\"https:\\\/\\\/www.glft.org\\\/wp-content\\\/uploads\\\/2023\\\/11\\\/Untitled-design-1.png\",\"datePublished\":\"2024-11-22T15:01:14+00:00\",\"description\":\"This webinar will provide assistance to Great Lakes Fishery Trust grant applicants or potential applicants under the Research and Human Dimensions requests for proposals.\",\"breadcrumb\":{\"@id\":\"https:\\\/\\\/www.glft.org\\\/2025-information-for-glft-research-and-human-dimensions-registration\\\/#breadcrumb\"},\"inLanguage\":\"fr-FR\",\"potentialAction\":[{\"@type\":\"ReadAction\",\"target\":[\"https:\\\/\\\/www.glft.org\\\/2025-information-for-glft-research-and-human-dimensions-registration\\\/\"]}]},{\"@type\":\"ImageObject\",\"inLanguage\":\"fr-FR\",\"@id\":\"https:\\\/\\\/www.glft.org\\\/2025-information-for-glft-research-and-human-dimensions-registration\\\/#primaryimage\",\"url\":\"https:\\\/\\\/www.glft.org\\\/wp-content\\\/uploads\\\/2023\\\/11\\\/Untitled-design-1.png\",\"contentUrl\":\"https:\\\/\\\/www.glft.org\\\/wp-content\\\/uploads\\\/2023\\\/11\\\/Untitled-design-1.png\",\"width\":600,\"height\":400},{\"@type\":\"BreadcrumbList\",\"@id\":\"https:\\\/\\\/www.glft.org\\\/2025-information-for-glft-research-and-human-dimensions-registration\\\/#breadcrumb\",\"itemListElement\":[{\"@type\":\"ListItem\",\"position\":1,\"name\":\"Home\",\"item\":\"https:\\\/\\\/www.glft.org\\\/\"},{\"@type\":\"ListItem\",\"position\":2,\"name\":\"2025 Information for GLFT Research and Human Dimensions Registration\"}]},{\"@type\":\"WebSite\",\"@id\":\"https:\\\/\\\/www.glft.org\\\/#website\",\"url\":\"https:\\\/\\\/www.glft.org\\\/\",\"name\":\"Great Lakes Fishery Trust\",\"description\":\"\",\"publisher\":{\"@id\":\"https:\\\/\\\/www.glft.org\\\/#organization\"},\"potentialAction\":[{\"@type\":\"SearchAction\",\"target\":{\"@type\":\"EntryPoint\",\"urlTemplate\":\"https:\\\/\\\/www.glft.org\\\/?s={search_term_string}\"},\"query-input\":{\"@type\":\"PropertyValueSpecification\",\"valueRequired\":true,\"valueName\":\"search_term_string\"}}],\"inLanguage\":\"fr-FR\"},{\"@type\":\"Organization\",\"@id\":\"https:\\\/\\\/www.glft.org\\\/#organization\",\"name\":\"Great Lakes Fishery Trust\",\"url\":\"https:\\\/\\\/www.glft.org\\\/\",\"logo\":{\"@type\":\"ImageObject\",\"inLanguage\":\"fr-FR\",\"@id\":\"https:\\\/\\\/www.glft.org\\\/#\\\/schema\\\/logo\\\/image\\\/\",\"url\":\"https:\\\/\\\/www.glft.org\\\/wp-content\\\/uploads\\\/2021\\\/09\\\/GLFT-Logo-Color.png\",\"contentUrl\":\"https:\\\/\\\/www.glft.org\\\/wp-content\\\/uploads\\\/2021\\\/09\\\/GLFT-Logo-Color.png\",\"width\":2084,\"height\":1389,\"caption\":\"Great Lakes Fishery Trust\"},\"image\":{\"@id\":\"https:\\\/\\\/www.glft.org\\\/#\\\/schema\\\/logo\\\/image\\\/\"}}]}<\/script>\n<!-- \/ Yoast SEO plugin. -->","yoast_head_json":{"title":"2025 Information for GLFT Research and Human Dimensions Registration - Great Lakes Fishery Trust","description":"This webinar will provide assistance to Great Lakes Fishery Trust grant applicants or potential applicants under the Research and Human Dimensions requests for proposals.","robots":{"index":"index","follow":"follow","max-snippet":"max-snippet:-1","max-image-preview":"max-image-preview:large","max-video-preview":"max-video-preview:-1"},"canonical":"https:\/\/www.glft.org\/fr\/2025-information-for-glft-research-and-human-dimensions-registration\/","og_locale":"fr_FR","og_type":"article","og_title":"2025 Information for GLFT Research and Human Dimensions Registration - Great Lakes Fishery Trust","og_description":"This webinar will provide assistance to Great Lakes Fishery Trust grant applicants or potential applicants under the Research and Human Dimensions requests for proposals.","og_url":"https:\/\/www.glft.org\/fr\/2025-information-for-glft-research-and-human-dimensions-registration\/","og_site_name":"Great Lakes Fishery Trust","og_image":[{"width":600,"height":400,"url":"https:\/\/www.glft.org\/wp-content\/uploads\/2023\/11\/Untitled-design-1.png","type":"image\/png"}],"twitter_card":"summary_large_image","twitter_misc":{"Est. reading time":"2 minutes"},"schema":{"@context":"https:\/\/schema.org","@graph":[{"@type":"WebPage","@id":"https:\/\/www.glft.org\/2025-information-for-glft-research-and-human-dimensions-registration\/","url":"https:\/\/www.glft.org\/2025-information-for-glft-research-and-human-dimensions-registration\/","name":"2025 Information for GLFT Research and Human Dimensions Registration - Great Lakes Fishery Trust","isPartOf":{"@id":"https:\/\/www.glft.org\/#website"},"primaryImageOfPage":{"@id":"https:\/\/www.glft.org\/2025-information-for-glft-research-and-human-dimensions-registration\/#primaryimage"},"image":{"@id":"https:\/\/www.glft.org\/2025-information-for-glft-research-and-human-dimensions-registration\/#primaryimage"},"thumbnailUrl":"https:\/\/www.glft.org\/wp-content\/uploads\/2023\/11\/Untitled-design-1.png","datePublished":"2024-11-22T15:01:14+00:00","description":"This webinar will provide assistance to Great Lakes Fishery Trust grant applicants or potential applicants under the Research and Human Dimensions requests for proposals.","breadcrumb":{"@id":"https:\/\/www.glft.org\/2025-information-for-glft-research-and-human-dimensions-registration\/#breadcrumb"},"inLanguage":"fr-FR","potentialAction":[{"@type":"ReadAction","target":["https:\/\/www.glft.org\/2025-information-for-glft-research-and-human-dimensions-registration\/"]}]},{"@type":"ImageObject","inLanguage":"fr-FR","@id":"https:\/\/www.glft.org\/2025-information-for-glft-research-and-human-dimensions-registration\/#primaryimage","url":"https:\/\/www.glft.org\/wp-content\/uploads\/2023\/11\/Untitled-design-1.png","contentUrl":"https:\/\/www.glft.org\/wp-content\/uploads\/2023\/11\/Untitled-design-1.png","width":600,"height":400},{"@type":"BreadcrumbList","@id":"https:\/\/www.glft.org\/2025-information-for-glft-research-and-human-dimensions-registration\/#breadcrumb","itemListElement":[{"@type":"ListItem","position":1,"name":"Home","item":"https:\/\/www.glft.org\/"},{"@type":"ListItem","position":2,"name":"2025 Information for GLFT Research and Human Dimensions Registration"}]},{"@type":"WebSite","@id":"https:\/\/www.glft.org\/#website","url":"https:\/\/www.glft.org\/","name":"Fiducie de p\u00eache des Grands Lacs","description":"","publisher":{"@id":"https:\/\/www.glft.org\/#organization"},"potentialAction":[{"@type":"SearchAction","target":{"@type":"EntryPoint","urlTemplate":"https:\/\/www.glft.org\/?s={search_term_string}"},"query-input":{"@type":"PropertyValueSpecification","valueRequired":true,"valueName":"search_term_string"}}],"inLanguage":"fr-FR"},{"@type":"Organization","@id":"https:\/\/www.glft.org\/#organization","name":"Fiducie de p\u00eache des Grands Lacs","url":"https:\/\/www.glft.org\/","logo":{"@type":"ImageObject","inLanguage":"fr-FR","@id":"https:\/\/www.glft.org\/#\/schema\/logo\/image\/","url":"https:\/\/www.glft.org\/wp-content\/uploads\/2021\/09\/GLFT-Logo-Color.png","contentUrl":"https:\/\/www.glft.org\/wp-content\/uploads\/2021\/09\/GLFT-Logo-Color.png","width":2084,"height":1389,"caption":"Great Lakes Fishery Trust"},"image":{"@id":"https:\/\/www.glft.org\/#\/schema\/logo\/image\/"}}]}},"publishpress_future_workflow_manual_trigger":{"enabledWorkflows":[]},"_links":{"self":[{"href":"https:\/\/www.glft.org\/fr\/wp-json\/wp\/v2\/pages\/2135","targetHints":{"allow":["GET"]}}],"collection":[{"href":"https:\/\/www.glft.org\/fr\/wp-json\/wp\/v2\/pages"}],"about":[{"href":"https:\/\/www.glft.org\/fr\/wp-json\/wp\/v2\/types\/page"}],"author":[{"embeddable":true,"href":"https:\/\/www.glft.org\/fr\/wp-json\/wp\/v2\/users\/7"}],"replies":[{"embeddable":true,"href":"https:\/\/www.glft.org\/fr\/wp-json\/wp\/v2\/comments?post=2135"}],"version-history":[{"count":0,"href":"https:\/\/www.glft.org\/fr\/wp-json\/wp\/v2\/pages\/2135\/revisions"}],"wp:featuredmedia":[{"embeddable":true,"href":"https:\/\/www.glft.org\/fr\/wp-json\/wp\/v2\/media\/1883"}],"wp:attachment":[{"href":"https:\/\/www.glft.org\/fr\/wp-json\/wp\/v2\/media?parent=2135"}],"curies":[{"name":"wp","href":"https:\/\/api.w.org\/{rel}","templated":true}]}}